{"id":405,"date":"2019-12-09T07:46:57","date_gmt":"2019-12-09T07:46:57","guid":{"rendered":"http:\/\/metronomteknik.com\/tr\/?page_id=405"},"modified":"2019-12-09T08:32:36","modified_gmt":"2019-12-09T08:32:36","slug":"vizyon-misyon","status":"publish","type":"page","link":"https:\/\/metronomteknik.com\/tr\/vizyon-misyon\/","title":{"rendered":"Vizyon\/Misyon"},"content":{"rendered":"<p><strong><img loading=\"lazy\" decoding=\"async\" class=\"alignright wp-image-410 size-medium\" src=\"http:\/\/metronomteknik.com\/tr\/wp-content\/uploads\/2019\/12\/vizyon-300x225.png\" alt=\"\" width=\"300\" height=\"225\" srcset=\"https:\/\/metronomteknik.com\/tr\/wp-content\/uploads\/2019\/12\/vizyon-300x225.png 300w, https:\/\/metronomteknik.com\/tr\/wp-content\/uploads\/2019\/12\/vizyon-768x576.png 768w, https:\/\/metronomteknik.com\/tr\/wp-content\/uploads\/2019\/12\/vizyon.png 800w\" sizes=\"auto, (max-width: 300px) 100vw, 300px\" \/><span style=\"color: #3c02e8;\">Vizyonumuz<\/span><\/strong><\/p>\n<p>Kaliteyi bir ya\u015fam bi\u00e7imi olarak benimseyen, do\u011fruluk ve g\u00fcveni en \u00f6nemli de\u011ferleri olarak koruyan firmam\u0131zda kurulu\u015fundan bu yana \u201cinsana sayg\u0131\u201d ya dayanan y\u00f6netim anlay\u0131\u015f\u0131 \u00fcretti\u011fi projeleri ile sekt\u00f6r\u00fcn sayg\u0131n \u015firketleri aras\u0131nda ad\u0131n\u0131 farkl\u0131 bir konuma yerle\u015ftirmi\u015ftir. Firmam\u0131z da istihdamdan i\u015fletmeye kadar her \u015fey vizyon ve de\u011ferler taraf\u0131ndan tan\u0131mlan\u0131r.<\/p>\n<p>\u00dcstlendi\u011fi g\u00f6revlerde farkl\u0131l\u0131klar yaratarak kal\u0131c\u0131 eserler yaratma hedefi ile kalite ve uygulama s\u00fcresi a\u00e7\u0131s\u0131ndan \u00fcst\u00fcn ba\u015far\u0131 ile y\u00fcr\u00fcten bir i\u015fletme olma \u00f6zelli\u011fimizi korurken, \u00e7a\u011fda\u015f ve modern T\u00fcrkiye i\u00e7in \u00fclkemiz ekonomisine katk\u0131m\u0131z\u0131 s\u00fcrekli olarak art\u0131rmaktay\u0131z.<\/p>\n<p>Elektrik Elektronik sekt\u00f6r\u00fcnde verimlilik, kalite, i\u015f ve \u00e7al\u0131\u015fan g\u00fcvenli\u011fi konular\u0131nda standartlar\u0131 belirleyen T\u00fcrkiye&#8217;nin en g\u00fcvenilir \u015firketleri aras\u0131nda yer alma hedefi ve bilinci ile \u00e7al\u0131\u015fmalar\u0131m\u0131z\u0131 s\u00fcrd\u00fcrmekteyiz.<\/p>\n<p>Gelece\u011fimizi bug\u00fcnden \u015fekillendiriyoruz.<\/p>\n<hr \/>\n<p>\u00a0<\/p>\n<p><span style=\"color: #0000ff;\"><strong><span style=\"color: #3c02e8;\">Misyonumuz<\/span><img loading=\"lazy\" decoding=\"async\" class=\"alignleft size-medium wp-image-412\" src=\"http:\/\/metronomteknik.com\/tr\/wp-content\/uploads\/2019\/12\/misyon-300x225.png\" alt=\"\" width=\"300\" height=\"225\" srcset=\"https:\/\/metronomteknik.com\/tr\/wp-content\/uploads\/2019\/12\/misyon-300x225.png 300w, https:\/\/metronomteknik.com\/tr\/wp-content\/uploads\/2019\/12\/misyon-768x576.png 768w, https:\/\/metronomteknik.com\/tr\/wp-content\/uploads\/2019\/12\/misyon.png 800w\" sizes=\"auto, (max-width: 300px) 100vw, 300px\" \/><\/strong><\/span><\/p>\n<p>S\u00fcrekli m\u00fc\u015fteri memnuniyetini sa\u011flamak, m\u00fc\u015fteri beklentilerinden daha \u00fcst seviyede hizmet sunmak, Hizmet ve \u00fcr\u00fcnde kalite bilincini en \u00fcst seviyede tutmak, Teknolojik geli\u015fmeleri yak\u0131ndan takip ederek, altyap\u0131n\u0131n ve \u00e7al\u0131\u015fanlar\u0131n\u0131n bu geli\u015fime uyumunu sa\u011flamak, Ekip ruhunu s\u00fcrekli geli\u015ftiren dinamik bir yap\u0131yla profesyonelce \u00e7al\u0131\u015fmak, G\u00fcvenli, huzurlu, yasalara sayg\u0131l\u0131 bir i\u015fletme olmak, M\u00fc\u015fteriye, \u00e7al\u0131\u015fana daima d\u00fcr\u00fcst davranmak, Sosyal sorumluluklar\u0131n\u0131n bilincinde olmak, \u00e7a\u011fda\u015f bir toplum i\u00e7in sosyal projelerin i\u00e7inde yer almak, \u00c7evrenin ve do\u011fan\u0131n korunabilmesi i\u00e7in yenilenebilir enerji kaynaklar\u0131ndan yana olmak.<\/p>\n<p><img loading=\"lazy\" decoding=\"async\" class=\"alignleft size-medium wp-image-417\" src=\"http:\/\/metronomteknik.com\/tr\/wp-content\/uploads\/2019\/12\/temeldegerler-300x155.png\" alt=\"\" width=\"300\" height=\"155\" srcset=\"https:\/\/metronomteknik.com\/tr\/wp-content\/uploads\/2019\/12\/temeldegerler-300x155.png 300w, https:\/\/metronomteknik.com\/tr\/wp-content\/uploads\/2019\/12\/temeldegerler-1024x530.png 1024w, https:\/\/metronomteknik.com\/tr\/wp-content\/uploads\/2019\/12\/temeldegerler-768x398.png 768w, https:\/\/metronomteknik.com\/tr\/wp-content\/uploads\/2019\/12\/temeldegerler.png 1300w\" sizes=\"auto, (max-width: 300px) 100vw, 300px\" \/><\/p>\n<hr \/>\n<p><span style=\"color: #2102e6;\"><strong>De\u011ferlerimiz<\/strong><\/span><br \/><span style=\"font-size: inherit;\">Metronom Teknik Elektrik Elektronik Sistemler Sanayi ve Ticaret Limited \u015eirketi olarak y\u00f6netici ve \u00e7al\u0131\u015fanlar\u0131m\u0131z\u0131n uygulayaca\u011f\u0131 ve taviz vermeyece\u011fi temel de\u011ferlerimiz;<\/span><\/p>\n<ul>\n<li>Kalitede s\u00fcreklili\u011fi sa\u011flamak i\u00e7in, y\u00f6netim kalitesini geli\u015ftirmek, gerekli y\u00f6netim sistemlerini hayata ge\u00e7irmek,<\/li>\n<li>M\u00fc\u015fterilerin beklentilerini tespit etmek ve bu beklentileri a\u015fmak i\u00e7in hizmetleri geli\u015ftirmek,<\/li>\n<li>Teknolojideki geli\u015fmeleri takip etmek ve daha iyi hizmet i\u00e7in teknoloji yat\u0131r\u0131m\u0131 yapmak,<\/li>\n<li>\u0130nsan kaynaklar\u0131na yat\u0131r\u0131m yapmak, e\u011fitim ve etkinliklerle \u00e7al\u0131\u015fanlar\u0131n yetkinliklerini art\u0131rmak,<\/li>\n<li>Performans kriterlerini belirlemek ve d\u00fczenli olarak performans de\u011ferlendirmesi yaparak, sonu\u00e7lar\u0131 \u00e7al\u0131\u015fanlarla payla\u015fmak,<\/li>\n<li>Y\u00fcr\u00fcrl\u00fckteki kanun, hukuki d\u00fczenleme ve kurallara uygun olarak operasyonlar\u0131 y\u00fcr\u00fctmek,<\/li>\n<li>\u00c7al\u0131\u015fanlara e\u015fit f\u0131rsatlar sa\u011flamak,<\/li>\n<li>Sosyal sorumlulukla hareket etmek ve faaliyet g\u00f6sterilen b\u00f6lgenin geli\u015fimine katk\u0131da bulunmak,<\/li>\n<li>Kamuoyuna yap\u0131lan a\u00e7\u0131klamalarda, reklam ve tan\u0131t\u0131m faaliyetlerinde d\u00fcr\u00fcstl\u00fck ilkesinden ayr\u0131lmamak,<\/li>\n<li>\u00c7evre sa\u011fl\u0131\u011f\u0131 ve i\u015f g\u00fcvenli\u011fi konusunda tehdit olu\u015fturan ko\u015fullar\u0131 gidermek, \u00e7al\u0131\u015fanlara, m\u00fc\u015fterilere ve i\u015f ortaklar\u0131na sa\u011fl\u0131kl\u0131 \u00e7al\u0131\u015fmaya ve ya\u015famaya uygun bir ortam sa\u011flamak,<\/li>\n<li>Kurumsal bilgileri herhangi bir zarara ya da k\u00f6t\u00fc kullan\u0131ma kar\u015f\u0131 korumak,<\/li>\n<li>\u015eirketin kaynaklar\u0131n\u0131n uygunsuz kullan\u0131m\u0131na izin vermemek,<\/li>\n<li>\u015eirket kay\u0131tlar\u0131na, verilerine ve bilgilerine izinsiz eri\u015fime, bunlar\u0131n gizlili\u011fine zarar verilmesine ya da \u00e7al\u0131nmas\u0131na; m\u00fc\u015fteriye ya da \u00e7al\u0131\u015fana ili\u015fkin bir kayd\u0131n izinsiz bir \u015fekilde k\u00f6t\u00fc ama\u00e7l\u0131 kullan\u0131m\u0131na; \u00e7al\u0131\u015fma ortam\u0131na zarar verecek tutum ve davran\u0131\u015flarda bulunulmas\u0131na hi\u00e7bir \u015fekilde m\u00fcsamaha etmemek,<\/li>\n<li>Hizmetlerimizi sunarken daima g\u00fcler y\u00fczl\u00fc, \u015feffaf ve d\u00fcr\u00fcst olmak.<\/li>\n<\/ul>\n","protected":false},"excerpt":{"rendered":"<p>Vizyonumuz Kaliteyi bir ya\u015fam bi\u00e7imi olarak benimseyen, do\u011fruluk ve g\u00fcveni en \u00f6nemli de\u011ferleri olarak koruyan firmam\u0131zda kurulu\u015fundan bu yana \u201cinsana sayg\u0131\u201d ya dayanan y\u00f6netim anlay\u0131\u015f\u0131 \u00fcretti\u011fi projeleri ile sekt\u00f6r\u00fcn sayg\u0131n \u015firketleri aras\u0131nda ad\u0131n\u0131 farkl\u0131 bir konuma yerle\u015ftirmi\u015ftir. Firmam\u0131z da istihdamdan i\u015fletmeye kadar her \u015fey vizyon ve de\u011ferler taraf\u0131ndan tan\u0131mlan\u0131r. \u00dcstlendi\u011fi g\u00f6revlerde farkl\u0131l\u0131klar yaratarak kal\u0131c\u0131 eserler [&hellip;]<\/p>\n","protected":false},"author":3,"featured_media":0,"parent":0,"menu_order":0,"comment_status":"closed","ping_status":"closed","template":"","meta":{"footnotes":""},"class_list":["post-405","page","type-page","status-publish","hentry"],"aioseo_notices":[],"_links":{"self":[{"href":"https:\/\/metronomteknik.com\/tr\/wp-json\/wp\/v2\/pages\/405","targetHints":{"allow":["GET"]}}],"collection":[{"href":"https:\/\/metronomteknik.com\/tr\/wp-json\/wp\/v2\/pages"}],"about":[{"href":"https:\/\/metronomteknik.com\/tr\/wp-json\/wp\/v2\/types\/page"}],"author":[{"embeddable":true,"href":"https:\/\/metronomteknik.com\/tr\/wp-json\/wp\/v2\/users\/3"}],"replies":[{"embeddable":true,"href":"https:\/\/metronomteknik.com\/tr\/wp-json\/wp\/v2\/comments?post=405"}],"version-history":[{"count":17,"href":"https:\/\/metronomteknik.com\/tr\/wp-json\/wp\/v2\/pages\/405\/revisions"}],"predecessor-version":[{"id":430,"href":"https:\/\/metronomteknik.com\/tr\/wp-json\/wp\/v2\/pages\/405\/revisions\/430"}],"wp:attachment":[{"href":"https:\/\/metronomteknik.com\/tr\/wp-json\/wp\/v2\/media?parent=405"}],"curies":[{"name":"wp","href":"https:\/\/api.w.org\/{rel}","templated":true}]}}